{"id":1947,"date":"2024-09-06T12:41:10","date_gmt":"2024-09-06T12:41:10","guid":{"rendered":"https:\/\/nordhus.dk\/board-of-directors\/"},"modified":"2024-10-09T07:47:35","modified_gmt":"2024-10-09T07:47:35","slug":"board-of-directors","status":"publish","type":"page","link":"https:\/\/nordhus.dk\/en\/board-of-directors\/","title":{"rendered":"Board of Directors"},"content":{"rendered":"<div class=\"two-column-text-section\" style='background-color:rgb(0,0,0);' >\n\t<div class=\"container mx-auto add-spacing\">\n\t\t<div class=\"flex flex-col sm:gap-10 p-4 sm:p-10\">\n\t\t\t<div class=\"flex max-w-[668px]\">\n\t\t\t\t<h2 class=\"wp-block-heading !mb-0\" style='color:#ffffff;'>THE BOARD OF DIRECTORS<\/h2>\n\t\t\t<\/div>\n\t\t\t<div class=\"flex flex-col sm:flex-row items-end gap-10\">\n\t\t\t\t<div class=\"sm:basis-1\/2 flex flex-col justify-between\">\n\t\t\t\t\t<div class=\"wysiwyg\" style='color:#ffffff;'>\n\t\t\t\t\t\t<p>&nbsp;<\/p>\n<table>\n<tbody>\n<tr>\n<td><span style=\"font-weight: 400;\"><strong>Rasmus N\u00f8rgaard.  <\/strong>Chairperson  <\/span><\/p>\n<p><span style=\"font-weight: 400;\">Founder of Nordhus Fonden, many years of experience in real estate investments and urban development. Founder and board member of NREP,   <\/span><span style=\"font-weight: 400;\">Founder of home.earth and board member of JunkFood.<\/span><\/p>\n<p>&nbsp;<\/td>\n<\/tr>\n<tr>\n<td><strong>Felicia N\u00f8rgaard.  <\/strong>Founder and CEO<\/p>\n<p><span style=\"font-weight: 400;\">Founder of Nordhus, with background and experience in communication, HR and leadership development from e.g. Nordea and as an independent HR consultant. In addition, Felicia is a certified coach.  <\/span><\/p>\n<p>&nbsp;<\/td>\n<\/tr>\n<tr>\n<td><strong>Steen S\u00f8nderby.  <\/strong>Board member<\/p>\n<table>\n<tbody>\n<tr>\n<td><span style=\"font-weight: 400;\">Extensive experience as an accountant, advisor and financial manager, where he has worked with accounting, reporting, tax, VAT, financing, and handling governance around start-ups.  <\/span><\/td>\n<\/tr>\n<tr>\n<td><\/td>\n<\/tr>\n<tr>\n<td><\/td>\n<\/tr>\n<\/tbody>\n<\/table>\n<\/td>\n<\/tr>\n<tr>\n<td><strong>Sissel Pedro Hansen.  <\/strong>Board member<\/p>\n<p><span style=\"font-weight: 400;\">Kaospilot has extensive experience in entrepreneurship both in Denmark and abroad and is the founder of Startup Guide, co-founder of Impact The Future, Kaospilot+ Berlin and Future Club. Sissel is also a board and panel member at e.g. Danish Tech Startups and the government&#8217;s green entrepreneurship panel.  <\/span><\/p>\n<p>&nbsp;<\/td>\n<\/tr>\n<tr>\n<td><span style=\"font-weight: 400;\"><strong>L\u00e6rke Hein.<\/strong>  Board member<\/span><\/p>\n<p><span style=\"font-weight: 400;\">L\u00e6rke has extensive experience as an entrepreneur, urban developer and cultural entrepreneur. L\u00e6rke founded Karrierebar and has been working chairman of the board of Distortion. Most recently, L\u00e6rke has been Co-CEO of Tunnelfabrikken. In addition, L\u00e6rke is a board member of Fonden Roskilde Festival, F   <\/span><span style=\"font-weight: 400;\">onden Fristaden Christiania and Fonden De \u00c5bne Rum and m<\/span><span style=\"font-weight: 400;\">member of Realdania&#8217;s Rep<\/span><span style=\"font-weight: 400;\">Board of Representatives.<\/span><\/td>\n<\/tr>\n<\/tbody>\n<\/table>\n<p>&nbsp;<\/p>\n<p>&nbsp;<\/p>\n\t\t\t\t\t<\/div>\n\t\t\t\t\t\t\t\t\t<\/div>\n\t\t\t\t<div class=\"sm:basis-1\/2 flex flex-col justify-between\">\n\t\t\t\t\t<div class=\"wysiwyg\" style='color:#ffffff;'>\n\t\t\t\t\t\t\t\t\t\t\t<\/div>\n\t\t\t\t\t\t\t\t\t<\/div>\n\t\t\t<\/div>\n\t\t<\/div>\n\t<\/div>\n<\/div>\n","protected":false},"excerpt":{"rendered":"","protected":false},"author":4,"featured_media":0,"parent":0,"menu_order":0,"comment_status":"closed","ping_status":"closed","template":"","meta":{"_acf_changed":false,"footnotes":""},"class_list":["post-1947","page","type-page","status-publish","hentry"],"acf":[],"yoast_head":"<!-- This site is optimized with the Yoast SEO plugin v26.9 - https:\/\/yoast.com\/product\/yoast-seo-wordpress\/ -->\n<title>Board of Directors - Nordhus<\/title>\n<meta name=\"robots\" content=\"index, follow, max-snippet:-1, max-image-preview:large, max-video-preview:-1\" \/>\n<link rel=\"canonical\" href=\"https:\/\/nordhus.demo.supertusch.com\/en\/board-of-directors\/\" \/>\n<meta property=\"og:locale\" content=\"en_US\" \/>\n<meta property=\"og:type\" content=\"article\" \/>\n<meta property=\"og:title\" content=\"Board of Directors - Nordhus\" \/>\n<meta property=\"og:url\" content=\"https:\/\/nordhus.demo.supertusch.com\/en\/board-of-directors\/\" \/>\n<meta property=\"og:site_name\" content=\"Nordhus\" \/>\n<meta property=\"article:publisher\" content=\"https:\/\/www.facebook.com\/profile.php?id=100082961870934\" \/>\n<meta property=\"article:modified_time\" content=\"2024-10-09T07:47:35+00:00\" \/>\n<meta name=\"twitter:card\" content=\"summary_large_image\" \/>\n<script type=\"application\/ld+json\" class=\"yoast-schema-graph\">{\"@context\":\"https:\/\/schema.org\",\"@graph\":[{\"@type\":\"WebPage\",\"@id\":\"https:\/\/nordhus.demo.supertusch.com\/en\/board-of-directors\/\",\"url\":\"https:\/\/nordhus.demo.supertusch.com\/en\/board-of-directors\/\",\"name\":\"Board of Directors - Nordhus\",\"isPartOf\":{\"@id\":\"https:\/\/nordhus.demo.supertusch.com\/#website\"},\"datePublished\":\"2024-09-06T12:41:10+00:00\",\"dateModified\":\"2024-10-09T07:47:35+00:00\",\"breadcrumb\":{\"@id\":\"https:\/\/nordhus.demo.supertusch.com\/en\/board-of-directors\/#breadcrumb\"},\"inLanguage\":\"en-US\",\"potentialAction\":[{\"@type\":\"ReadAction\",\"target\":[\"https:\/\/nordhus.demo.supertusch.com\/en\/board-of-directors\/\"]}]},{\"@type\":\"BreadcrumbList\",\"@id\":\"https:\/\/nordhus.demo.supertusch.com\/en\/board-of-directors\/#breadcrumb\",\"itemListElement\":[{\"@type\":\"ListItem\",\"position\":1,\"name\":\"Home\",\"item\":\"https:\/\/nordhus.dk\/en\/\"},{\"@type\":\"ListItem\",\"position\":2,\"name\":\"Board of Directors\"}]},{\"@type\":\"WebSite\",\"@id\":\"https:\/\/nordhus.demo.supertusch.com\/#website\",\"url\":\"https:\/\/nordhus.demo.supertusch.com\/\",\"name\":\"Nordhus\",\"description\":\"\",\"publisher\":{\"@id\":\"https:\/\/nordhus.demo.supertusch.com\/#organization\"},\"potentialAction\":[{\"@type\":\"SearchAction\",\"target\":{\"@type\":\"EntryPoint\",\"urlTemplate\":\"https:\/\/nordhus.demo.supertusch.com\/?s={search_term_string}\"},\"query-input\":{\"@type\":\"PropertyValueSpecification\",\"valueRequired\":true,\"valueName\":\"search_term_string\"}}],\"inLanguage\":\"en-US\"},{\"@type\":\"Organization\",\"@id\":\"https:\/\/nordhus.demo.supertusch.com\/#organization\",\"name\":\"Nordhus\",\"url\":\"https:\/\/nordhus.demo.supertusch.com\/\",\"logo\":{\"@type\":\"ImageObject\",\"inLanguage\":\"en-US\",\"@id\":\"https:\/\/nordhus.demo.supertusch.com\/#\/schema\/logo\/image\/\",\"url\":\"https:\/\/nordhus.dk\/wp-content\/uploads\/2024\/08\/logo-dark.svg\",\"contentUrl\":\"https:\/\/nordhus.dk\/wp-content\/uploads\/2024\/08\/logo-dark.svg\",\"width\":1400,\"height\":314,\"caption\":\"Nordhus\"},\"image\":{\"@id\":\"https:\/\/nordhus.demo.supertusch.com\/#\/schema\/logo\/image\/\"},\"sameAs\":[\"https:\/\/www.facebook.com\/profile.php?id=100082961870934\",\"https:\/\/www.instagram.com\/nordhus_cph\/\",\"https:\/\/www.linkedin.com\/company\/nordhuscph\/\"]}]}<\/script>\n<!-- \/ Yoast SEO plugin. -->","yoast_head_json":{"title":"Board of Directors - Nordhus","robots":{"index":"index","follow":"follow","max-snippet":"max-snippet:-1","max-image-preview":"max-image-preview:large","max-video-preview":"max-video-preview:-1"},"canonical":"https:\/\/nordhus.demo.supertusch.com\/en\/board-of-directors\/","og_locale":"en_US","og_type":"article","og_title":"Board of Directors - Nordhus","og_url":"https:\/\/nordhus.demo.supertusch.com\/en\/board-of-directors\/","og_site_name":"Nordhus","article_publisher":"https:\/\/www.facebook.com\/profile.php?id=100082961870934","article_modified_time":"2024-10-09T07:47:35+00:00","twitter_card":"summary_large_image","schema":{"@context":"https:\/\/schema.org","@graph":[{"@type":"WebPage","@id":"https:\/\/nordhus.demo.supertusch.com\/en\/board-of-directors\/","url":"https:\/\/nordhus.demo.supertusch.com\/en\/board-of-directors\/","name":"Board of Directors - Nordhus","isPartOf":{"@id":"https:\/\/nordhus.demo.supertusch.com\/#website"},"datePublished":"2024-09-06T12:41:10+00:00","dateModified":"2024-10-09T07:47:35+00:00","breadcrumb":{"@id":"https:\/\/nordhus.demo.supertusch.com\/en\/board-of-directors\/#breadcrumb"},"inLanguage":"en-US","potentialAction":[{"@type":"ReadAction","target":["https:\/\/nordhus.demo.supertusch.com\/en\/board-of-directors\/"]}]},{"@type":"BreadcrumbList","@id":"https:\/\/nordhus.demo.supertusch.com\/en\/board-of-directors\/#breadcrumb","itemListElement":[{"@type":"ListItem","position":1,"name":"Home","item":"https:\/\/nordhus.dk\/en\/"},{"@type":"ListItem","position":2,"name":"Board of Directors"}]},{"@type":"WebSite","@id":"https:\/\/nordhus.demo.supertusch.com\/#website","url":"https:\/\/nordhus.demo.supertusch.com\/","name":"Nordhus","description":"","publisher":{"@id":"https:\/\/nordhus.demo.supertusch.com\/#organization"},"potentialAction":[{"@type":"SearchAction","target":{"@type":"EntryPoint","urlTemplate":"https:\/\/nordhus.demo.supertusch.com\/?s={search_term_string}"},"query-input":{"@type":"PropertyValueSpecification","valueRequired":true,"valueName":"search_term_string"}}],"inLanguage":"en-US"},{"@type":"Organization","@id":"https:\/\/nordhus.demo.supertusch.com\/#organization","name":"Nordhus","url":"https:\/\/nordhus.demo.supertusch.com\/","logo":{"@type":"ImageObject","inLanguage":"en-US","@id":"https:\/\/nordhus.demo.supertusch.com\/#\/schema\/logo\/image\/","url":"https:\/\/nordhus.dk\/wp-content\/uploads\/2024\/08\/logo-dark.svg","contentUrl":"https:\/\/nordhus.dk\/wp-content\/uploads\/2024\/08\/logo-dark.svg","width":1400,"height":314,"caption":"Nordhus"},"image":{"@id":"https:\/\/nordhus.demo.supertusch.com\/#\/schema\/logo\/image\/"},"sameAs":["https:\/\/www.facebook.com\/profile.php?id=100082961870934","https:\/\/www.instagram.com\/nordhus_cph\/","https:\/\/www.linkedin.com\/company\/nordhuscph\/"]}]}},"_links":{"self":[{"href":"https:\/\/nordhus.dk\/en\/wp-json\/wp\/v2\/pages\/1947","targetHints":{"allow":["GET"]}}],"collection":[{"href":"https:\/\/nordhus.dk\/en\/wp-json\/wp\/v2\/pages"}],"about":[{"href":"https:\/\/nordhus.dk\/en\/wp-json\/wp\/v2\/types\/page"}],"author":[{"embeddable":true,"href":"https:\/\/nordhus.dk\/en\/wp-json\/wp\/v2\/users\/4"}],"replies":[{"embeddable":true,"href":"https:\/\/nordhus.dk\/en\/wp-json\/wp\/v2\/comments?post=1947"}],"version-history":[{"count":1,"href":"https:\/\/nordhus.dk\/en\/wp-json\/wp\/v2\/pages\/1947\/revisions"}],"predecessor-version":[{"id":1948,"href":"https:\/\/nordhus.dk\/en\/wp-json\/wp\/v2\/pages\/1947\/revisions\/1948"}],"wp:attachment":[{"href":"https:\/\/nordhus.dk\/en\/wp-json\/wp\/v2\/media?parent=1947"}],"curies":[{"name":"wp","href":"https:\/\/api.w.org\/{rel}","templated":true}]}}