{"id":234,"date":"2024-08-06T13:14:13","date_gmt":"2024-08-06T13:14:13","guid":{"rendered":"https:\/\/nordhus.dk\/?page_id=234"},"modified":"2024-08-06T13:14:13","modified_gmt":"2024-08-06T13:14:13","slug":"information-template","status":"publish","type":"page","link":"https:\/\/nordhus.dk\/en\/information-template\/","title":{"rendered":"Information template"},"content":{"rendered":"<div class=\"full-image-section mb-[-1px]\" >\n\t<img loading=\"lazy\" decoding=\"async\" width=\"1210\" height=\"771\" src=\"https:\/\/nordhus.dk\/wp-content\/uploads\/2024\/08\/information-template-image.png\" class=\"w-full h-full max-h-[247px] sm:max-h-[538px] object-cover\" alt=\"\" srcset=\"https:\/\/nordhus.dk\/wp-content\/uploads\/2024\/08\/information-template-image.png 1210w, https:\/\/nordhus.dk\/wp-content\/uploads\/2024\/08\/information-template-image-300x191.png 300w, https:\/\/nordhus.dk\/wp-content\/uploads\/2024\/08\/information-template-image-1024x652.png 1024w, https:\/\/nordhus.dk\/wp-content\/uploads\/2024\/08\/information-template-image-768x489.png 768w\" sizes=\"auto, (max-width: 1210px) 100vw, 1210px\" \/><\/div>\n\n\n<div class=\"accordion-section\" >\n\t<div class=\"container mx-auto flex flex-col gap-10 p-4 sm:p-10\">\n\t\t<div class=\"section-top flex flex-col sm:flex-row items-stretch justify-between gap-6\">\n\t\t\t<h2 class=\"section-title w-full max-w-[668px] self-center\" style='color:#000000;'>HAR DU SP\u00d8RGSM\u00c5L? <strong>VI HAR SVARET<\/strong><\/h2>\n\t\t\t\t\t\t\t<div class=\"cta flex items-stretch\">\n\t\t\t\t\t<a href=\"#\" target=\"_self\" class=\"btn hover:!bg-highlight-pink hover:!ring-highlight-pink primary text-center uppercase basis-1\/2 sm:basis-auto font-bold sm:font-normal self-center text-nowrap\" style='border-color:#000000;'>\n\t\t\t\t\t\tKontak os\t\t\t\t\t<\/a>\n\t\t\t\t<\/div>\n\t\t\t\t\t<\/div>\n\t\t<div class=\"section-bottom relative\">\n\t\t\t<div class=\"accordion-items\" style='color:#000000;'>\n\t\t\t\t\t\t\t\t\t<div class=\"accordion-item flex flex-col cursor-pointer sm:gap-3\">\n\t\t\t\t\t\t<div class=\"section-header flex justify-between items-stretch gap-5 py-3\">\n\t\t\t\t\t\t\t<h3 class=\"text-base sm:text-[2rem] leading-[130%] tracking-[0.32px] font-bold\">HVORN\u00c5R ER CHECKIN?<\/h3>\n\t\t\t\t\t\t\t<div class=\"flex items-stretch\">\n\t\t\t\t\t\t\t\t<div class=\"accordion-icon transition-transform w-[12px] h-[16px] sm:w-[24px] sm:h-[32px]\" style='background-color:#000000;'><\/div>\n\t\t\t\t\t\t\t<\/div>\n\t\t\t\t\t\t<\/div>\n\t\t\t\t\t\t<div class=\"section-body relative overflow-hidden transition-all max-h-0 duration-700\">\n\t\t\t\t\t\t\t<div class=\"wysiwyg inner pt-3 sm:pt-0 pb-5\">\n\t\t\t\t\t\t\t\t<p>This is accordion text.<\/p>\n\t\t\t\t\t\t\t<\/div>\n\t\t\t\t\t\t<\/div>\n\t\t\t\t\t<\/div>\n\t\t\t\t\t\t\t\t\t<div class=\"accordion-item flex flex-col cursor-pointer sm:gap-3\">\n\t\t\t\t\t\t<div class=\"section-header flex justify-between items-stretch gap-5 py-3\">\n\t\t\t\t\t\t\t<h3 class=\"text-base sm:text-[2rem] leading-[130%] tracking-[0.32px] font-bold\">M\u00c5 JEG HAVE K\u00c6LEDYR P\u00c5 V\u00c6RELSET?<\/h3>\n\t\t\t\t\t\t\t<div class=\"flex items-stretch\">\n\t\t\t\t\t\t\t\t<div class=\"accordion-icon transition-transform w-[12px] h-[16px] sm:w-[24px] sm:h-[32px]\" style='background-color:#000000;'><\/div>\n\t\t\t\t\t\t\t<\/div>\n\t\t\t\t\t\t<\/div>\n\t\t\t\t\t\t<div class=\"section-body relative overflow-hidden transition-all max-h-0 duration-700\">\n\t\t\t\t\t\t\t<div class=\"wysiwyg inner pt-3 sm:pt-0 pb-5\">\n\t\t\t\t\t\t\t\t<p>This is <strong><span style=\"color: #ff0000;\">accordion text.<\/span><\/strong><\/p>\n\t\t\t\t\t\t\t<\/div>\n\t\t\t\t\t\t<\/div>\n\t\t\t\t\t<\/div>\n\t\t\t\t\t\t\t\t\t<div class=\"accordion-item flex flex-col cursor-pointer sm:gap-3\">\n\t\t\t\t\t\t<div class=\"section-header flex justify-between items-stretch gap-5 py-3\">\n\t\t\t\t\t\t\t<h3 class=\"text-base sm:text-[2rem] leading-[130%] tracking-[0.32px] font-bold\">HAR I EN POOL?<\/h3>\n\t\t\t\t\t\t\t<div class=\"flex items-stretch\">\n\t\t\t\t\t\t\t\t<div class=\"accordion-icon transition-transform w-[12px] h-[16px] sm:w-[24px] sm:h-[32px]\" style='background-color:#000000;'><\/div>\n\t\t\t\t\t\t\t<\/div>\n\t\t\t\t\t\t<\/div>\n\t\t\t\t\t\t<div class=\"section-body relative overflow-hidden transition-all max-h-0 duration-700\">\n\t\t\t\t\t\t\t<div class=\"wysiwyg inner pt-3 sm:pt-0 pb-5\">\n\t\t\t\t\t\t\t\t<ul>\n<li>This is a list<\/li>\n<li>list B<\/li>\n<\/ul>\n\t\t\t\t\t\t\t<\/div>\n\t\t\t\t\t\t<\/div>\n\t\t\t\t\t<\/div>\n\t\t\t\t\t\t\t\t\t<div class=\"accordion-item flex flex-col cursor-pointer sm:gap-3\">\n\t\t\t\t\t\t<div class=\"section-header flex justify-between items-stretch gap-5 py-3\">\n\t\t\t\t\t\t\t<h3 class=\"text-base sm:text-[2rem] leading-[130%] tracking-[0.32px] font-bold\">ER DER K\u00d8KKEN P\u00c5 V\u00c6RELSET<\/h3>\n\t\t\t\t\t\t\t<div class=\"flex items-stretch\">\n\t\t\t\t\t\t\t\t<div class=\"accordion-icon transition-transform w-[12px] h-[16px] sm:w-[24px] sm:h-[32px]\" style='background-color:#000000;'><\/div>\n\t\t\t\t\t\t\t<\/div>\n\t\t\t\t\t\t<\/div>\n\t\t\t\t\t\t<div class=\"section-body relative overflow-hidden transition-all max-h-0 duration-700\">\n\t\t\t\t\t\t\t<div class=\"wysiwyg inner pt-3 sm:pt-0 pb-5\">\n\t\t\t\t\t\t\t\t<h3>This is accordion text.<\/h3>\n\t\t\t\t\t\t\t<\/div>\n\t\t\t\t\t\t<\/div>\n\t\t\t\t\t<\/div>\n\t\t\t\t\t\t\t\t\t<div class=\"accordion-item flex flex-col cursor-pointer sm:gap-3\">\n\t\t\t\t\t\t<div class=\"section-header flex justify-between items-stretch gap-5 py-3\">\n\t\t\t\t\t\t\t<h3 class=\"text-base sm:text-[2rem] leading-[130%] tracking-[0.32px] font-bold\">HVOR MANGE SENGE ER DER P\u00c5 V\u00c6RELSET?<\/h3>\n\t\t\t\t\t\t\t<div class=\"flex items-stretch\">\n\t\t\t\t\t\t\t\t<div class=\"accordion-icon transition-transform w-[12px] h-[16px] sm:w-[24px] sm:h-[32px]\" style='background-color:#000000;'><\/div>\n\t\t\t\t\t\t\t<\/div>\n\t\t\t\t\t\t<\/div>\n\t\t\t\t\t\t<div class=\"section-body relative overflow-hidden transition-all max-h-0 duration-700\">\n\t\t\t\t\t\t\t<div class=\"wysiwyg inner pt-3 sm:pt-0 pb-5\">\n\t\t\t\t\t\t\t\t<p>This is accordion text.<\/p>\n<p><img loading=\"lazy\" decoding=\"async\" class=\"alignnone size-medium wp-image-100\" src=\"https:\/\/nordhus.dk\/wp-content\/uploads\/2024\/07\/full-image-section-300x300.png\" alt=\"\" width=\"300\" height=\"300\" srcset=\"https:\/\/nordhus.dk\/wp-content\/uploads\/2024\/07\/full-image-section-300x300.png 300w, https:\/\/nordhus.dk\/wp-content\/uploads\/2024\/07\/full-image-section-1024x1024.png 1024w, https:\/\/nordhus.dk\/wp-content\/uploads\/2024\/07\/full-image-section-150x150.png 150w, https:\/\/nordhus.dk\/wp-content\/uploads\/2024\/07\/full-image-section-768x768.png 768w, https:\/\/nordhus.dk\/wp-content\/uploads\/2024\/07\/full-image-section-1536x1536.png 1536w, https:\/\/nordhus.dk\/wp-content\/uploads\/2024\/07\/full-image-section.png 1706w\" sizes=\"auto, (max-width: 300px) 100vw, 300px\" \/><\/p>\n\t\t\t\t\t\t\t<\/div>\n\t\t\t\t\t\t<\/div>\n\t\t\t\t\t<\/div>\n\t\t\t\t\t\t\t<\/div>\n\t\t<\/div>\n\t<\/div>\n<\/div>\n","protected":false},"excerpt":{"rendered":"","protected":false},"author":2,"featured_media":0,"parent":0,"menu_order":0,"comment_status":"closed","ping_status":"closed","template":"","meta":{"_acf_changed":false,"footnotes":""},"class_list":["post-234","page","type-page","status-publish","hentry"],"acf":[],"yoast_head":"<!-- This site is optimized with the Yoast SEO plugin v26.9 - https:\/\/yoast.com\/product\/yoast-seo-wordpress\/ -->\n<title>Information template - Nordhus<\/title>\n<meta name=\"robots\" content=\"index, follow, max-snippet:-1, max-image-preview:large, max-video-preview:-1\" \/>\n<link rel=\"canonical\" href=\"https:\/\/nordhus.demo.supertusch.com\/information-template\/\" \/>\n<meta property=\"og:locale\" content=\"en_US\" \/>\n<meta property=\"og:type\" content=\"article\" \/>\n<meta property=\"og:title\" content=\"Information template - Nordhus\" \/>\n<meta property=\"og:url\" content=\"https:\/\/nordhus.demo.supertusch.com\/information-template\/\" \/>\n<meta property=\"og:site_name\" content=\"Nordhus\" \/>\n<meta property=\"article:publisher\" content=\"https:\/\/www.facebook.com\/profile.php?id=100082961870934\" \/>\n<meta name=\"twitter:card\" content=\"summary_large_image\" \/>\n<script type=\"application\/ld+json\" class=\"yoast-schema-graph\">{\"@context\":\"https:\/\/schema.org\",\"@graph\":[{\"@type\":\"WebPage\",\"@id\":\"https:\/\/nordhus.demo.supertusch.com\/information-template\/\",\"url\":\"https:\/\/nordhus.demo.supertusch.com\/information-template\/\",\"name\":\"Information template - Nordhus\",\"isPartOf\":{\"@id\":\"https:\/\/nordhus.demo.supertusch.com\/#website\"},\"datePublished\":\"2024-08-06T13:14:13+00:00\",\"breadcrumb\":{\"@id\":\"https:\/\/nordhus.demo.supertusch.com\/information-template\/#breadcrumb\"},\"inLanguage\":\"en-US\",\"potentialAction\":[{\"@type\":\"ReadAction\",\"target\":[\"https:\/\/nordhus.demo.supertusch.com\/information-template\/\"]}]},{\"@type\":\"BreadcrumbList\",\"@id\":\"https:\/\/nordhus.demo.supertusch.com\/information-template\/#breadcrumb\",\"itemListElement\":[{\"@type\":\"ListItem\",\"position\":1,\"name\":\"Home\",\"item\":\"https:\/\/nordhus.dk\/en\/\"},{\"@type\":\"ListItem\",\"position\":2,\"name\":\"Information template\"}]},{\"@type\":\"WebSite\",\"@id\":\"https:\/\/nordhus.demo.supertusch.com\/#website\",\"url\":\"https:\/\/nordhus.demo.supertusch.com\/\",\"name\":\"Nordhus\",\"description\":\"\",\"publisher\":{\"@id\":\"https:\/\/nordhus.demo.supertusch.com\/#organization\"},\"potentialAction\":[{\"@type\":\"SearchAction\",\"target\":{\"@type\":\"EntryPoint\",\"urlTemplate\":\"https:\/\/nordhus.demo.supertusch.com\/?s={search_term_string}\"},\"query-input\":{\"@type\":\"PropertyValueSpecification\",\"valueRequired\":true,\"valueName\":\"search_term_string\"}}],\"inLanguage\":\"en-US\"},{\"@type\":\"Organization\",\"@id\":\"https:\/\/nordhus.demo.supertusch.com\/#organization\",\"name\":\"Nordhus\",\"url\":\"https:\/\/nordhus.demo.supertusch.com\/\",\"logo\":{\"@type\":\"ImageObject\",\"inLanguage\":\"en-US\",\"@id\":\"https:\/\/nordhus.demo.supertusch.com\/#\/schema\/logo\/image\/\",\"url\":\"https:\/\/nordhus.dk\/wp-content\/uploads\/2024\/08\/logo-dark.svg\",\"contentUrl\":\"https:\/\/nordhus.dk\/wp-content\/uploads\/2024\/08\/logo-dark.svg\",\"width\":1400,\"height\":314,\"caption\":\"Nordhus\"},\"image\":{\"@id\":\"https:\/\/nordhus.demo.supertusch.com\/#\/schema\/logo\/image\/\"},\"sameAs\":[\"https:\/\/www.facebook.com\/profile.php?id=100082961870934\",\"https:\/\/www.instagram.com\/nordhus_cph\/\",\"https:\/\/www.linkedin.com\/company\/nordhuscph\/\"]}]}<\/script>\n<!-- \/ Yoast SEO plugin. -->","yoast_head_json":{"title":"Information template - Nordhus","robots":{"index":"index","follow":"follow","max-snippet":"max-snippet:-1","max-image-preview":"max-image-preview:large","max-video-preview":"max-video-preview:-1"},"canonical":"https:\/\/nordhus.demo.supertusch.com\/information-template\/","og_locale":"en_US","og_type":"article","og_title":"Information template - Nordhus","og_url":"https:\/\/nordhus.demo.supertusch.com\/information-template\/","og_site_name":"Nordhus","article_publisher":"https:\/\/www.facebook.com\/profile.php?id=100082961870934","twitter_card":"summary_large_image","schema":{"@context":"https:\/\/schema.org","@graph":[{"@type":"WebPage","@id":"https:\/\/nordhus.demo.supertusch.com\/information-template\/","url":"https:\/\/nordhus.demo.supertusch.com\/information-template\/","name":"Information template - Nordhus","isPartOf":{"@id":"https:\/\/nordhus.demo.supertusch.com\/#website"},"datePublished":"2024-08-06T13:14:13+00:00","breadcrumb":{"@id":"https:\/\/nordhus.demo.supertusch.com\/information-template\/#breadcrumb"},"inLanguage":"en-US","potentialAction":[{"@type":"ReadAction","target":["https:\/\/nordhus.demo.supertusch.com\/information-template\/"]}]},{"@type":"BreadcrumbList","@id":"https:\/\/nordhus.demo.supertusch.com\/information-template\/#breadcrumb","itemListElement":[{"@type":"ListItem","position":1,"name":"Home","item":"https:\/\/nordhus.dk\/en\/"},{"@type":"ListItem","position":2,"name":"Information template"}]},{"@type":"WebSite","@id":"https:\/\/nordhus.demo.supertusch.com\/#website","url":"https:\/\/nordhus.demo.supertusch.com\/","name":"Nordhus","description":"","publisher":{"@id":"https:\/\/nordhus.demo.supertusch.com\/#organization"},"potentialAction":[{"@type":"SearchAction","target":{"@type":"EntryPoint","urlTemplate":"https:\/\/nordhus.demo.supertusch.com\/?s={search_term_string}"},"query-input":{"@type":"PropertyValueSpecification","valueRequired":true,"valueName":"search_term_string"}}],"inLanguage":"en-US"},{"@type":"Organization","@id":"https:\/\/nordhus.demo.supertusch.com\/#organization","name":"Nordhus","url":"https:\/\/nordhus.demo.supertusch.com\/","logo":{"@type":"ImageObject","inLanguage":"en-US","@id":"https:\/\/nordhus.demo.supertusch.com\/#\/schema\/logo\/image\/","url":"https:\/\/nordhus.dk\/wp-content\/uploads\/2024\/08\/logo-dark.svg","contentUrl":"https:\/\/nordhus.dk\/wp-content\/uploads\/2024\/08\/logo-dark.svg","width":1400,"height":314,"caption":"Nordhus"},"image":{"@id":"https:\/\/nordhus.demo.supertusch.com\/#\/schema\/logo\/image\/"},"sameAs":["https:\/\/www.facebook.com\/profile.php?id=100082961870934","https:\/\/www.instagram.com\/nordhus_cph\/","https:\/\/www.linkedin.com\/company\/nordhuscph\/"]}]}},"_links":{"self":[{"href":"https:\/\/nordhus.dk\/en\/wp-json\/wp\/v2\/pages\/234","targetHints":{"allow":["GET"]}}],"collection":[{"href":"https:\/\/nordhus.dk\/en\/wp-json\/wp\/v2\/pages"}],"about":[{"href":"https:\/\/nordhus.dk\/en\/wp-json\/wp\/v2\/types\/page"}],"author":[{"embeddable":true,"href":"https:\/\/nordhus.dk\/en\/wp-json\/wp\/v2\/users\/2"}],"replies":[{"embeddable":true,"href":"https:\/\/nordhus.dk\/en\/wp-json\/wp\/v2\/comments?post=234"}],"version-history":[{"count":1,"href":"https:\/\/nordhus.dk\/en\/wp-json\/wp\/v2\/pages\/234\/revisions"}],"predecessor-version":[{"id":236,"href":"https:\/\/nordhus.dk\/en\/wp-json\/wp\/v2\/pages\/234\/revisions\/236"}],"wp:attachment":[{"href":"https:\/\/nordhus.dk\/en\/wp-json\/wp\/v2\/media?parent=234"}],"curies":[{"name":"wp","href":"https:\/\/api.w.org\/{rel}","templated":true}]}}