{"id":7686,"date":"2026-04-28T09:16:19","date_gmt":"2026-04-28T09:16:19","guid":{"rendered":"https:\/\/nordhus.dk\/?page_id=7686"},"modified":"2026-04-28T09:16:19","modified_gmt":"2026-04-28T09:16:19","slug":"meeting-packages","status":"publish","type":"page","link":"https:\/\/nordhus.dk\/en\/meeting-packages\/","title":{"rendered":"MEETING PACKAGES"},"content":{"rendered":"<div class=\"hero-section relative\">\n\t<div class=\"hero-section-top\" style='background-color:rgb(0,0,0);color:#ffffff;'>\n\t\t<div class=\"container mx-auto\">\n\t\t\t<div class=\"flex justify-between gap-[7.9375rem] pt-5 pb-5 sm:pb-10 px-4 sm:px-10\">\n\t\t\t\t<div class=\"container-top sm:w-[75%]\">\n\t\t\t\t\t<h1 class=\"wp-block-heading !mb-0 uppercase\"><strong>HOLD DIT M\u00d8DE I NORDHUS<\/strong><\/h1>\n\t\t\t\t\t\t\t\t\t\t\t<h3 class=\"wp-block-heading mt-5 sm:mt-10 !mb-0\">Hold m\u00f8de i hjertet af Nordhavn. I NORDHUS f\u00e5r du b\u00e5de stemningsfyldte, kulturelle omgivelser og en base t\u00e6t p\u00e5 b\u00e5de by og vand. NORDHUS ligger centralt ved Nordhavn station og er nemt at komme til med b\u00e5de offentlig transport, cykel og bil.<\/h3>\n\t\t\t\t\t\t\t\t\t<\/div>\n\t\t\t\t\t\t\t<\/div>\n\t\t<\/div>\n\t<\/div>\n\t<\/div>\n<div id=\"hero-section-breakpoint\"><\/div>\n<div class=\"full-image-section mb-[-1px]\" >\n\t<img loading=\"lazy\" decoding=\"async\" width=\"2560\" height=\"1707\" src=\"https:\/\/nordhus.dk\/wp-content\/uploads\/2026\/03\/nordhus_event_livetalk_02-scaled-e1773149125360.jpg\" class=\"w-full h-full max-h-[247px] sm:max-h-[538px] object-cover\" alt=\"\" \/><\/div>\n<div class=\"two-column-text-section\" style='background-color:rgb(255,255,255);' >\n\t<div class=\"container mx-auto add-spacing\">\n\t\t<div class=\"flex flex-col sm:gap-10 p-4 sm:p-10\">\n\t\t\t<div class=\"flex max-w-[668px]\">\n\t\t\t\t<h2 class=\"wp-block-heading !mb-0\" style='color:#000000;'>M\u00d8DE I NORDHUS<\/h2>\n\t\t\t<\/div>\n\t\t\t<div class=\"flex flex-col sm:flex-row items-end gap-10\">\n\t\t\t\t<div class=\"sm:basis-1\/2 flex flex-col justify-between\">\n\t\t\t\t\t<div class=\"wysiwyg\" style='color:#000000;'>\n\t\t\t\t\t\t<p data-start=\"0\" data-end=\"278\">Afhold dit n\u00e6ste m\u00f8de, konference, kursus eller reception i NORDHUS&#8217; inspirerende og livlige rammer.<\/p>\n<p data-start=\"0\" data-end=\"278\">Vi tilbyder tre forskellige, funktionelle lokaler, hvor b\u00e5de omgivelser og oplevelse skaber en helst\u00f8bt atmosf\u00e6re for dit m\u00f8de i Nordhavn. Vores st\u00f8rste lokale kan rumme op til 100 siddende deltagere og har en fleksibel scene. Salen kan desuden opdeles i sektioner, s\u00e5 du nemt kan lave breakout-omr\u00e5der, hvilket g\u00f8r den ideel til kurser eller workshops med gruppearbejde.<\/p>\n<p data-start=\"0\" data-end=\"278\">Vores andre m\u00f8defaciliteter er velegnede til mindre sammenkomster som kurser, bestyrelsesm\u00f8der eller kreative aktiviteter.<\/p>\n<p data-start=\"0\" data-end=\"278\">Foruden vores m\u00f8delokaler er det muligt at leje et podcaststudie med professionelle optagelsesfaciliteter.<\/p>\n<p data-start=\"0\" data-end=\"278\">N\u00e5r du booker en m\u00f8depakke st\u00e5r vores kokke klar med forplejning. NORDHUS&#8217; k\u00f8kken fokuserer p\u00e5 gr\u00f8nne og smagfulde retter med r\u00e5varer i s\u00e6son og s\u00f8rger for alt fra en kulinarisk frokost eller middag til kaffe fra \u00d8NSK og lette forfriskninger.<\/p>\n<p data-start=\"0\" data-end=\"278\">Efter jeres m\u00f8de er I altid velkomne til at blive i NORDHUS til langbordsmiddag, <a href=\"http:\/\/nordhus.dk\/oplev\">et af vores mange events<\/a>, en hyggestund i baren eller en solstr\u00e5le i g\u00e5rdhaven.<\/p>\n<p data-start=\"0\" data-end=\"278\">Se vores pakker nedenfor eller kontakt os p\u00e5 <a rel=\"noopener\" data-start=\"411\" data-end=\"425\">hej@nordhus.dk,<\/a> for at f\u00e5 et skr\u00e6ddersyet tilbud.<\/p>\n\t\t\t\t\t<\/div>\n\t\t\t\t\t\t\t\t\t<\/div>\n\t\t\t\t<div class=\"sm:basis-1\/2 flex flex-col justify-between\">\n\t\t\t\t\t<div class=\"wysiwyg\" style='color:#000000;'>\n\t\t\t\t\t\t\t\t\t\t\t<\/div>\n\t\t\t\t\t\t\t\t\t\t\t<div class=\"cta flex flex-col sm:flex-row gap-3 sm:gap-5 mt-8 sm:mt-10 items-start\" style=\"justify-content: start\">\n\t\t\t\t\t\t\t\t\t\t\t\t\t<\/div>\n\t\t\t\t\t\t\t\t\t<\/div>\n\t\t\t<\/div>\n\t\t<\/div>\n\t<\/div>\n<\/div>\n<!--  content-baseline content-center content-end -->\n<div class=\"two-column-text-media-section\" style='background-color:rgb(0,0,0);'>\n\t<div class=\"container mx-auto\">\n\t\t<div class=\"flex flex-col sm:flex-row items-stretch gap-5 sm:gap-10 p-4 sm:p-10\">\n\t\t\t<div class=\"media-wrapper sm:basis-1\/2\">\n\t\t\t\t<h2 class=\"block sm:hidden wp-block-heading uppercase 1\" style='color:#ffffff;'><strong>DAY MEETING<strong><\/h2>\n\t\t\t\t\t\t\t\t\t\t\t\t\t\t\t<img loading=\"lazy\" decoding=\"async\" width=\"1075\" height=\"1613\" src=\"https:\/\/nordhus.dk\/wp-content\/uploads\/2026\/03\/nordhus_venue_interior_04.jpg\" class=\"object-cover w-full aspect-[1\/1]\" alt=\"\" srcset=\"https:\/\/nordhus.dk\/wp-content\/uploads\/2026\/03\/nordhus_venue_interior_04.jpg 1075w, https:\/\/nordhus.dk\/wp-content\/uploads\/2026\/03\/nordhus_venue_interior_04-200x300.jpg 200w, https:\/\/nordhus.dk\/wp-content\/uploads\/2026\/03\/nordhus_venue_interior_04-682x1024.jpg 682w, https:\/\/nordhus.dk\/wp-content\/uploads\/2026\/03\/nordhus_venue_interior_04-768x1152.jpg 768w, https:\/\/nordhus.dk\/wp-content\/uploads\/2026\/03\/nordhus_venue_interior_04-1024x1536.jpg 1024w\" sizes=\"auto, (max-width: 1075px) 100vw, 1075px\" \/>\t\t\t\t\t\t\t\t\t\t\t\t<\/div>\n\t\t\t<div class=\"sm:basis-1\/2 grid content-between\">\n\t\t\t\t<h2 class=\"hidden sm:block wp-block-heading uppercase 1\" style='color:#ffffff;'><strong>DAY MEETING<strong><\/h2>\n\t\t\t\t<div class=\"text-content\">\n\t\t\t\t\t<div class=\"wysiwyg\" style='color:#ffffff;'>\n\t\t\t\t\t\t<p style=\"text-align: left;\"><strong>Klokken 8.00-16.00<\/strong><\/p>\n<ul style=\"text-align: left;\">\n<li>Bolle med ost<\/li>\n<li>Frokost<\/li>\n<li>Kage<\/li>\n<li>Sodavand, 1 stk. pr. person<\/li>\n<li>Kaffe og te ad libitum<\/li>\n<li>Vand med brus ad libitum<\/li>\n<li>Lokaleleje<\/li>\n<li>Sk\u00e6rm og flipboard<\/li>\n<li>Wi-Fi internet<\/li>\n<\/ul>\n<p class=\"p1\" style=\"text-align: left;\"><b>680 kroner pr. person ekskl. moms<\/b><\/p>\n\t\t\t\t\t<\/div>\n\t\t\t\t\t\t\t\t\t\t\t<div class=\"cta flex flex-col sm:flex-row gap-3 sm:gap-5 mt-5 sm:mt-10\">\n\t\t\t\t\t\t\t\t\t\t\t\t\t\t\t<a href=\"mailto:hej@nordhus.dk\" target=\"_self\" class=\"btn hover:!bg-highlight-cyan hover:!ring-highlight-cyan line-white text-center uppercase basis-1\/2 sm:basis-auto font-bold sm:font-normal\">Book her<\/a>\n\t\t\t\t\t\t\t\t\t\t\t\t\t<\/div>\n\t\t\t\t\t\t\t\t\t<\/div>\n\t\t\t<\/div>\n\t\t<\/div>\n\t<\/div>\n<\/div><!--  content-baseline content-center content-end -->\n<div class=\"two-column-text-media-section\" style='background-color:rgb(0,0,0);'>\n\t<div class=\"container mx-auto\">\n\t\t<div class=\"flex flex-col sm:flex-row items-stretch gap-5 sm:gap-10 p-4 sm:p-10\">\n\t\t\t<div class=\"media-wrapper sm:basis-1\/2\">\n\t\t\t\t<h2 class=\"block sm:hidden wp-block-heading uppercase 1\" style='color:#ffffff;'><strong>FULL-DAY MEETING<strong><\/h2>\n\t\t\t\t\t\t\t\t\t\t\t\t\t\t\t<img loading=\"lazy\" decoding=\"async\" width=\"1920\" height=\"2400\" src=\"https:\/\/nordhus.dk\/wp-content\/uploads\/2025\/02\/2u8a4920ny.jpg\" class=\"object-cover w-full aspect-[1\/1]\" alt=\"\" srcset=\"https:\/\/nordhus.dk\/wp-content\/uploads\/2025\/02\/2u8a4920ny.jpg 1920w, https:\/\/nordhus.dk\/wp-content\/uploads\/2025\/02\/2u8a4920ny-240x300.jpg 240w, https:\/\/nordhus.dk\/wp-content\/uploads\/2025\/02\/2u8a4920ny-819x1024.jpg 819w, https:\/\/nordhus.dk\/wp-content\/uploads\/2025\/02\/2u8a4920ny-768x960.jpg 768w, https:\/\/nordhus.dk\/wp-content\/uploads\/2025\/02\/2u8a4920ny-1229x1536.jpg 1229w, https:\/\/nordhus.dk\/wp-content\/uploads\/2025\/02\/2u8a4920ny-1638x2048.jpg 1638w\" sizes=\"auto, (max-width: 1920px) 100vw, 1920px\" \/>\t\t\t\t\t\t\t\t\t\t\t\t<\/div>\n\t\t\t<div class=\"sm:basis-1\/2 grid content-between\">\n\t\t\t\t<h2 class=\"hidden sm:block wp-block-heading uppercase 1\" style='color:#ffffff;'><strong>FULL-DAY MEETING<strong><\/h2>\n\t\t\t\t<div class=\"text-content\">\n\t\t\t\t\t<div class=\"wysiwyg\" style='color:#ffffff;'>\n\t\t\t\t\t\t<p style=\"text-align: left;\"><span class=\"s2\"><b>Klokken 8.00-19.30<br \/>\n<\/b><\/span><\/p>\n<ul style=\"text-align: left;\">\n<li>Bolle med ost<\/li>\n<li>Frokost<\/li>\n<li>Kage<\/li>\n<li>Sodavand, 1 stk. pr. person<\/li>\n<li>Kaffe og te ad libitum<\/li>\n<li>Vand med brus ad libitum<\/li>\n<li>Lokaleleje<\/li>\n<li>Sk\u00e6rm og flipboard<\/li>\n<li>Wi-Fi internet<\/li>\n<li><span class=\"s2\">F\u00e6llesspisning<\/span>\u00a0<i>(drikkevarer k\u00f8bes p\u00e5 dagen)<\/i><\/li>\n<\/ul>\n<p class=\"p3\" style=\"text-align: left;\"><b>800 kroner pr. person ekskl. moms<\/b><\/p>\n\t\t\t\t\t<\/div>\n\t\t\t\t\t\t\t\t\t\t\t<div class=\"cta flex flex-col sm:flex-row gap-3 sm:gap-5 mt-5 sm:mt-10\">\n\t\t\t\t\t\t\t\t\t\t\t\t\t\t\t<a href=\"mailto:hej@nordhus.dk\" target=\"_self\" class=\"btn hover:!bg-highlight-green hover:!ring-highlight-green line-white text-center uppercase basis-1\/2 sm:basis-auto font-bold sm:font-normal\">Book her<\/a>\n\t\t\t\t\t\t\t\t\t\t\t\t\t<\/div>\n\t\t\t\t\t\t\t\t\t<\/div>\n\t\t\t<\/div>\n\t\t<\/div>\n\t<\/div>\n<\/div><!--  content-baseline content-center content-end -->\n<div class=\"two-column-text-media-section\" style='background-color:rgb(0,0,0);'>\n\t<div class=\"container mx-auto\">\n\t\t<div class=\"flex flex-col sm:flex-row items-stretch gap-5 sm:gap-10 p-4 sm:p-10\">\n\t\t\t<div class=\"media-wrapper sm:basis-1\/2\">\n\t\t\t\t<h2 class=\"block sm:hidden wp-block-heading uppercase 1\" style='color:#ffffff;'><strong>HALF-DAY MEETING<strong><\/h2>\n\t\t\t\t\t\t\t\t\t\t\t\t\t\t\t<img loading=\"lazy\" decoding=\"async\" width=\"934\" height=\"1401\" src=\"https:\/\/nordhus.dk\/wp-content\/uploads\/2026\/03\/nordhus_venue_interior_01.jpg\" class=\"object-cover w-full aspect-[1\/1]\" alt=\"\" srcset=\"https:\/\/nordhus.dk\/wp-content\/uploads\/2026\/03\/nordhus_venue_interior_01.jpg 934w, https:\/\/nordhus.dk\/wp-content\/uploads\/2026\/03\/nordhus_venue_interior_01-200x300.jpg 200w, https:\/\/nordhus.dk\/wp-content\/uploads\/2026\/03\/nordhus_venue_interior_01-683x1024.jpg 683w, https:\/\/nordhus.dk\/wp-content\/uploads\/2026\/03\/nordhus_venue_interior_01-768x1152.jpg 768w\" sizes=\"auto, (max-width: 934px) 100vw, 934px\" \/>\t\t\t\t\t\t\t\t\t\t\t\t<\/div>\n\t\t\t<div class=\"sm:basis-1\/2 grid content-between\">\n\t\t\t\t<h2 class=\"hidden sm:block wp-block-heading uppercase 1\" style='color:#ffffff;'><strong>HALF-DAY MEETING<strong><\/h2>\n\t\t\t\t<div class=\"text-content\">\n\t\t\t\t\t<div class=\"wysiwyg\" style='color:#ffffff;'>\n\t\t\t\t\t\t<p><span class=\"s2\"><b>Klokken 8.00-12.00<br \/>\n<\/b><\/span><\/p>\n<ul>\n<li>Bolle med ost<\/li>\n<li>Frokost<\/li>\n<li>Sodavand, 1 stk. pr. person<\/li>\n<li>Kaffe og te ad libitum<\/li>\n<li>Vand med brus ad libitum<\/li>\n<li>Lokaleleje<\/li>\n<li>Sk\u00e6rm og flipboard<\/li>\n<li>Wi-Fi internet<\/li>\n<\/ul>\n<p class=\"p1\"><b>520 kroner pr. person ekskl. moms<\/b><\/p>\n\t\t\t\t\t<\/div>\n\t\t\t\t\t\t\t\t\t\t\t<div class=\"cta flex flex-col sm:flex-row gap-3 sm:gap-5 mt-5 sm:mt-10\">\n\t\t\t\t\t\t\t\t\t\t\t\t\t\t\t<a href=\"mailto:hej@nordhus.dk\" target=\"_self\" class=\"btn hover:!bg-highlight-pink hover:!ring-highlight-pink line-white text-center uppercase basis-1\/2 sm:basis-auto font-bold sm:font-normal\">Book her<\/a>\n\t\t\t\t\t\t\t\t\t\t\t\t\t<\/div>\n\t\t\t\t\t\t\t\t\t<\/div>\n\t\t\t<\/div>\n\t\t<\/div>\n\t<\/div>\n<\/div><!--  content-baseline content-center content-end -->\n<div class=\"two-column-text-media-section\" style='background-color:rgb(0,0,0);'>\n\t<div class=\"container mx-auto\">\n\t\t<div class=\"flex flex-col sm:flex-row items-stretch gap-5 sm:gap-10 p-4 sm:p-10\">\n\t\t\t<div class=\"media-wrapper sm:basis-1\/2\">\n\t\t\t\t<h2 class=\"block sm:hidden wp-block-heading uppercase 1\" style='color:#ffffff;'><strong>HALF-DAY MEETING<strong><\/h2>\n\t\t\t\t\t\t\t\t\t\t\t\t\t\t\t<img loading=\"lazy\" decoding=\"async\" width=\"1075\" height=\"1613\" src=\"https:\/\/nordhus.dk\/wp-content\/uploads\/2026\/03\/nordhus_venue_interior_03.jpg\" class=\"object-cover w-full aspect-[1\/1]\" alt=\"\" srcset=\"https:\/\/nordhus.dk\/wp-content\/uploads\/2026\/03\/nordhus_venue_interior_03.jpg 1075w, https:\/\/nordhus.dk\/wp-content\/uploads\/2026\/03\/nordhus_venue_interior_03-200x300.jpg 200w, https:\/\/nordhus.dk\/wp-content\/uploads\/2026\/03\/nordhus_venue_interior_03-682x1024.jpg 682w, https:\/\/nordhus.dk\/wp-content\/uploads\/2026\/03\/nordhus_venue_interior_03-768x1152.jpg 768w, https:\/\/nordhus.dk\/wp-content\/uploads\/2026\/03\/nordhus_venue_interior_03-1024x1536.jpg 1024w\" sizes=\"auto, (max-width: 1075px) 100vw, 1075px\" \/>\t\t\t\t\t\t\t\t\t\t\t\t<\/div>\n\t\t\t<div class=\"sm:basis-1\/2 grid content-between\">\n\t\t\t\t<h2 class=\"hidden sm:block wp-block-heading uppercase 1\" style='color:#ffffff;'><strong>HALF-DAY MEETING<strong><\/h2>\n\t\t\t\t<div class=\"text-content\">\n\t\t\t\t\t<div class=\"wysiwyg\" style='color:#ffffff;'>\n\t\t\t\t\t\t<p style=\"text-align: left;\"><span class=\"s2\"><b>Klokken 12.00-16.00<br \/>\n<\/b><\/span><\/p>\n<ul style=\"text-align: left;\">\n<li>Frokost<\/li>\n<li>Kage<\/li>\n<li>Sodavand, 1 stk. pr. person<\/li>\n<li>Kaffe og te ad libitum<\/li>\n<li>Vand med brus ad libitum<\/li>\n<li>Lokaleleje<\/li>\n<li>Sk\u00e6rm og flipboard<\/li>\n<li>Wi-Fi internet<\/li>\n<\/ul>\n<p class=\"p1\" style=\"text-align: left;\"><b>520 kroner pr. person ekskl. moms<\/b><\/p>\n\t\t\t\t\t<\/div>\n\t\t\t\t\t\t\t\t\t\t\t<div class=\"cta flex flex-col sm:flex-row gap-3 sm:gap-5 mt-5 sm:mt-10\">\n\t\t\t\t\t\t\t\t\t\t\t\t\t\t\t<a href=\"mailto:hej@nordhus.dk\" target=\"_blank\" class=\"btn hover:!bg-highlight-green hover:!ring-highlight-green line-white text-center uppercase basis-1\/2 sm:basis-auto font-bold sm:font-normal\">Book her<\/a>\n\t\t\t\t\t\t\t\t\t\t\t\t\t<\/div>\n\t\t\t\t\t\t\t\t\t<\/div>\n\t\t\t<\/div>\n\t\t<\/div>\n\t<\/div>\n<\/div>\n<p><\/p>\n","protected":false},"excerpt":{"rendered":"","protected":false},"author":7,"featured_media":0,"parent":0,"menu_order":0,"comment_status":"closed","ping_status":"closed","template":"","meta":{"_acf_changed":false,"footnotes":""},"class_list":["post-7686","page","type-page","status-publish","hentry"],"acf":[],"yoast_head":"<!-- This site is optimized with the Yoast SEO plugin v26.9 - https:\/\/yoast.com\/product\/yoast-seo-wordpress\/ -->\n<title>MEETING PACKAGES - Nordhus<\/title>\n<meta name=\"robots\" content=\"index, follow, max-snippet:-1, max-image-preview:large, max-video-preview:-1\" \/>\n<link rel=\"canonical\" href=\"https:\/\/nordhus.dk\/en\/meeting-packages\/\" \/>\n<meta property=\"og:locale\" content=\"en_US\" \/>\n<meta property=\"og:type\" content=\"article\" \/>\n<meta property=\"og:title\" content=\"MEETING PACKAGES - Nordhus\" \/>\n<meta property=\"og:url\" content=\"https:\/\/nordhus.dk\/en\/meeting-packages\/\" \/>\n<meta property=\"og:site_name\" content=\"Nordhus\" \/>\n<meta property=\"article:publisher\" content=\"https:\/\/www.facebook.com\/profile.php?id=100082961870934\" \/>\n<meta name=\"twitter:card\" content=\"summary_large_image\" \/>\n<script type=\"application\/ld+json\" class=\"yoast-schema-graph\">{\"@context\":\"https:\/\/schema.org\",\"@graph\":[{\"@type\":\"WebPage\",\"@id\":\"https:\/\/nordhus.dk\/en\/meeting-packages\/\",\"url\":\"https:\/\/nordhus.dk\/en\/meeting-packages\/\",\"name\":\"MEETING PACKAGES - Nordhus\",\"isPartOf\":{\"@id\":\"https:\/\/nordhus.demo.supertusch.com\/#website\"},\"datePublished\":\"2026-04-28T09:16:19+00:00\",\"breadcrumb\":{\"@id\":\"https:\/\/nordhus.dk\/en\/meeting-packages\/#breadcrumb\"},\"inLanguage\":\"en-US\",\"potentialAction\":[{\"@type\":\"ReadAction\",\"target\":[\"https:\/\/nordhus.dk\/en\/meeting-packages\/\"]}]},{\"@type\":\"BreadcrumbList\",\"@id\":\"https:\/\/nordhus.dk\/en\/meeting-packages\/#breadcrumb\",\"itemListElement\":[{\"@type\":\"ListItem\",\"position\":1,\"name\":\"Home\",\"item\":\"https:\/\/nordhus.dk\/en\/frontpage-nordhus\/\"},{\"@type\":\"ListItem\",\"position\":2,\"name\":\"MEETING PACKAGES\"}]},{\"@type\":\"WebSite\",\"@id\":\"https:\/\/nordhus.demo.supertusch.com\/#website\",\"url\":\"https:\/\/nordhus.demo.supertusch.com\/\",\"name\":\"Nordhus\",\"description\":\"\",\"publisher\":{\"@id\":\"https:\/\/nordhus.demo.supertusch.com\/#organization\"},\"potentialAction\":[{\"@type\":\"SearchAction\",\"target\":{\"@type\":\"EntryPoint\",\"urlTemplate\":\"https:\/\/nordhus.demo.supertusch.com\/?s={search_term_string}\"},\"query-input\":{\"@type\":\"PropertyValueSpecification\",\"valueRequired\":true,\"valueName\":\"search_term_string\"}}],\"inLanguage\":\"en-US\"},{\"@type\":\"Organization\",\"@id\":\"https:\/\/nordhus.demo.supertusch.com\/#organization\",\"name\":\"Nordhus\",\"url\":\"https:\/\/nordhus.demo.supertusch.com\/\",\"logo\":{\"@type\":\"ImageObject\",\"inLanguage\":\"en-US\",\"@id\":\"https:\/\/nordhus.demo.supertusch.com\/#\/schema\/logo\/image\/\",\"url\":\"https:\/\/nordhus.dk\/wp-content\/uploads\/2024\/08\/logo-dark.svg\",\"contentUrl\":\"https:\/\/nordhus.dk\/wp-content\/uploads\/2024\/08\/logo-dark.svg\",\"width\":1400,\"height\":314,\"caption\":\"Nordhus\"},\"image\":{\"@id\":\"https:\/\/nordhus.demo.supertusch.com\/#\/schema\/logo\/image\/\"},\"sameAs\":[\"https:\/\/www.facebook.com\/profile.php?id=100082961870934\",\"https:\/\/www.instagram.com\/nordhus_cph\/\",\"https:\/\/www.linkedin.com\/company\/nordhuscph\/\"]}]}<\/script>\n<!-- \/ Yoast SEO plugin. -->","yoast_head_json":{"title":"MEETING PACKAGES - Nordhus","robots":{"index":"index","follow":"follow","max-snippet":"max-snippet:-1","max-image-preview":"max-image-preview:large","max-video-preview":"max-video-preview:-1"},"canonical":"https:\/\/nordhus.dk\/en\/meeting-packages\/","og_locale":"en_US","og_type":"article","og_title":"MEETING PACKAGES - Nordhus","og_url":"https:\/\/nordhus.dk\/en\/meeting-packages\/","og_site_name":"Nordhus","article_publisher":"https:\/\/www.facebook.com\/profile.php?id=100082961870934","twitter_card":"summary_large_image","schema":{"@context":"https:\/\/schema.org","@graph":[{"@type":"WebPage","@id":"https:\/\/nordhus.dk\/en\/meeting-packages\/","url":"https:\/\/nordhus.dk\/en\/meeting-packages\/","name":"MEETING PACKAGES - Nordhus","isPartOf":{"@id":"https:\/\/nordhus.demo.supertusch.com\/#website"},"datePublished":"2026-04-28T09:16:19+00:00","breadcrumb":{"@id":"https:\/\/nordhus.dk\/en\/meeting-packages\/#breadcrumb"},"inLanguage":"en-US","potentialAction":[{"@type":"ReadAction","target":["https:\/\/nordhus.dk\/en\/meeting-packages\/"]}]},{"@type":"BreadcrumbList","@id":"https:\/\/nordhus.dk\/en\/meeting-packages\/#breadcrumb","itemListElement":[{"@type":"ListItem","position":1,"name":"Home","item":"https:\/\/nordhus.dk\/en\/frontpage-nordhus\/"},{"@type":"ListItem","position":2,"name":"MEETING PACKAGES"}]},{"@type":"WebSite","@id":"https:\/\/nordhus.demo.supertusch.com\/#website","url":"https:\/\/nordhus.demo.supertusch.com\/","name":"Nordhus","description":"","publisher":{"@id":"https:\/\/nordhus.demo.supertusch.com\/#organization"},"potentialAction":[{"@type":"SearchAction","target":{"@type":"EntryPoint","urlTemplate":"https:\/\/nordhus.demo.supertusch.com\/?s={search_term_string}"},"query-input":{"@type":"PropertyValueSpecification","valueRequired":true,"valueName":"search_term_string"}}],"inLanguage":"en-US"},{"@type":"Organization","@id":"https:\/\/nordhus.demo.supertusch.com\/#organization","name":"Nordhus","url":"https:\/\/nordhus.demo.supertusch.com\/","logo":{"@type":"ImageObject","inLanguage":"en-US","@id":"https:\/\/nordhus.demo.supertusch.com\/#\/schema\/logo\/image\/","url":"https:\/\/nordhus.dk\/wp-content\/uploads\/2024\/08\/logo-dark.svg","contentUrl":"https:\/\/nordhus.dk\/wp-content\/uploads\/2024\/08\/logo-dark.svg","width":1400,"height":314,"caption":"Nordhus"},"image":{"@id":"https:\/\/nordhus.demo.supertusch.com\/#\/schema\/logo\/image\/"},"sameAs":["https:\/\/www.facebook.com\/profile.php?id=100082961870934","https:\/\/www.instagram.com\/nordhus_cph\/","https:\/\/www.linkedin.com\/company\/nordhuscph\/"]}]}},"_links":{"self":[{"href":"https:\/\/nordhus.dk\/en\/wp-json\/wp\/v2\/pages\/7686","targetHints":{"allow":["GET"]}}],"collection":[{"href":"https:\/\/nordhus.dk\/en\/wp-json\/wp\/v2\/pages"}],"about":[{"href":"https:\/\/nordhus.dk\/en\/wp-json\/wp\/v2\/types\/page"}],"author":[{"embeddable":true,"href":"https:\/\/nordhus.dk\/en\/wp-json\/wp\/v2\/users\/7"}],"replies":[{"embeddable":true,"href":"https:\/\/nordhus.dk\/en\/wp-json\/wp\/v2\/comments?post=7686"}],"version-history":[{"count":1,"href":"https:\/\/nordhus.dk\/en\/wp-json\/wp\/v2\/pages\/7686\/revisions"}],"predecessor-version":[{"id":7687,"href":"https:\/\/nordhus.dk\/en\/wp-json\/wp\/v2\/pages\/7686\/revisions\/7687"}],"wp:attachment":[{"href":"https:\/\/nordhus.dk\/en\/wp-json\/wp\/v2\/media?parent=7686"}],"curies":[{"name":"wp","href":"https:\/\/api.w.org\/{rel}","templated":true}]}}