{"id":7747,"date":"2026-04-30T10:12:18","date_gmt":"2026-04-30T10:12:18","guid":{"rendered":"https:\/\/nordhus.dk\/?page_id=7747"},"modified":"2026-04-30T10:27:27","modified_gmt":"2026-04-30T10:27:27","slug":"barselsvikar-driftansvarlig","status":"publish","type":"page","link":"https:\/\/nordhus.dk\/en\/barselsvikar-driftansvarlig\/","title":{"rendered":"Kulturhusmedarbejder til bar og events"},"content":{"rendered":"<!--  content-baseline content-center content-end -->\n<div class=\"two-column-text-media-section\" style='background-color:rgb(0,0,0);'>\n\t<div class=\"container mx-auto\">\n\t\t<div class=\"flex flex-col sm:flex-row-reverse items-stretch gap-5 sm:gap-10 p-4 sm:p-10\">\n\t\t\t<div class=\"media-wrapper sm:basis-1\/2\">\n\t\t\t\t<h2 class=\"block sm:hidden wp-block-heading uppercase 1\" style='color:#ffffff;'> F&#038;B driftsansvarlig \/ barselsvikar til NORDHUS<\/h2>\n\t\t\t\t\t\t\t\t\t\t\t\t\t\t\t<img loading=\"lazy\" decoding=\"async\" width=\"4500\" height=\"4500\" src=\"https:\/\/nordhus.dk\/wp-content\/uploads\/2025\/02\/nh_web-grafiker_2korr-e1745405988804.png\" class=\"object-cover w-full aspect-[1\/1]\" alt=\"\" \/>\t\t\t\t\t\t\t\t\t\t\t\t<\/div>\n\t\t\t<div class=\"sm:basis-1\/2 grid content-between\">\n\t\t\t\t<h2 class=\"hidden sm:block wp-block-heading uppercase 1\" style='color:#ffffff;'> F&#038;B driftsansvarlig \/ barselsvikar til NORDHUS<\/h2>\n\t\t\t\t<div class=\"text-content\">\n\t\t\t\t\t<div class=\"wysiwyg\" style='color:#ffffff;'>\n\t\t\t\t\t\t<p style=\"font-weight: 400;\"><strong>Vil du v\u00e6re med til at drive og udvikle et levende hus i Nordhavn, hvor restaurant, bar, events, kultur og f\u00e6llesskab m\u00f8des?<\/strong><\/p>\n<p style=\"font-weight: 400;\">NORDHUS s\u00f8ger en hands-on F&amp;B-profil til et fuldtidsbarselsvikariat med ansvar for den daglige drift og kommercielle udvikling af vores Front of House-omr\u00e5de.<\/p>\n<p style=\"font-weight: 400;\">Du f\u00e5r en central rolle i forbindelse med afvikling af frokost, bar, m\u00f8deforplejning, f\u00e6llesspisninger, events og arrangementer, og du skal b\u00e5de kunne skabe struktur, v\u00e6re synlig i driften og bidrage til \u00f8get salg og st\u00e6rke g\u00e6steoplevelser.<\/p>\n<p class=\"p1\"><strong>Om NORDHUS<\/strong><\/p>\n<p class=\"p1\">NORDHUS er et nyt kulturhus i Nordhavn. Et samlingspunkt, hvor mennesker m\u00f8des til<br \/>\nkoncerter, langbordsmiddage, gastronomiske pop-ups, workshops og mange andre forskellige<br \/>\nevents.<br \/>\nVores ambition er at skabe et levende hus, hvor g\u00e6ster og medarbejdere f\u00f8ler sig hjemme.<\/p>\n<p><strong>Rollen<\/strong><\/p>\n<p style=\"font-weight: 400;\">Som F&amp;B&#8217;s driftsansvarlige f\u00e5r du ansvar for at lede, koordinere og aktivt drive NORDHUS\u2019 Front of House i perioden.<\/p>\n<p style=\"font-weight: 400;\">Du arbejder t\u00e6t sammen med den daglige leder, k\u00f8kkenchef, restaurant- og baransvarlig, booking og event samt resten af teamet. Din rolle er prim\u00e6rt rettet mod restaurant, bar, service, v\u00e6rtskab, eventafvikling og kommerciel udvikling p\u00e5 gulvet. Vores erfarne k\u00f8kkenchef har ansvaret for k\u00f8kkenet refererer ogs\u00e5 til dig.<\/p>\n<p style=\"font-weight: 400;\">Stillingen er b\u00e5de ledende og operationel. Du skal kunne s\u00e6tte retning og skabe overblik, men ogs\u00e5 selv tage vagter, v\u00e6re p\u00e5 gulvet og g\u00e5 forrest i service &#8211; s\u00e6rligt til events samt p\u00e5 aftener, weekender og travle perioder.<\/p>\n<p><strong>Prim\u00e6re opgaver<\/strong><\/p>\n<p style=\"font-weight: 400;\">Du f\u00e5r ansvar for at:<\/p>\n<ul style=\"font-weight: 400;\">\n<li>Lede og koordinere driften i restaurant, bar, m\u00f8deforplejning, f\u00e6llesspisninger og events<\/li>\n<li>V\u00e6re synligt til stede i driften og selv indg\u00e5 i vagtplanen<\/li>\n<li>Lede og underst\u00f8tte restaurant- og baransvarlig samt Front of House-teamet<\/li>\n<li>Sikre h\u00f8j kvalitet i service, v\u00e6rtskab og g\u00e6steoplevelse, der bidrager til genbes\u00f8g, lokal synlighed og \u00f8get interesse for husets aktiviteter<\/li>\n<li>Planl\u00e6gge og afvikle events, m\u00f8der, firmaarrangementer og private arrangementer i t\u00e6t samarbejde med k\u00f8kken og booking\/event<\/li>\n<li>Sikre god intern overlevering f\u00f8r arrangementer<\/li>\n<li>Arbejde aktivt med mersalg, tilk\u00f8b og service p\u00e5 selve dagen eller aftenen<\/li>\n<li>F\u00f8lge op p\u00e5 oms\u00e6tning, mersalg, bemanding, l\u00f8nforbrug og forbrug af varer<\/li>\n<li>Bidrage til genbes\u00f8g, lokal synlighed og \u00f8get interesse for husets aktiviteter<\/li>\n<\/ul>\n\t\t\t\t\t<\/div>\n\t\t\t\t\t\t\t\t\t\t\t<div class=\"cta flex flex-col sm:flex-row gap-3 sm:gap-5 mt-5 sm:mt-10\">\n\t\t\t\t\t\t\t\t\t\t\t\t\t\t\t<a href=\"https:\/\/nordhus.reqruiting.com\/Pages\/Application\/ApplyProfile.aspx?id=27845\" target=\"_blank\" class=\"btn hover:!bg-highlight-cyan hover:!ring-highlight-cyan secondary text-center uppercase basis-1\/2 sm:basis-auto font-bold sm:font-normal\">ANS\u00d8G NU<\/a>\n\t\t\t\t\t\t\t\t\t\t\t\t\t<\/div>\n\t\t\t\t\t\t\t\t\t<\/div>\n\t\t\t<\/div>\n\t\t<\/div>\n\t<\/div>\n<\/div>\n\n<div class=\"two-column-text-section\" style='background-color:rgb(0,0,0);' >\n\t<div class=\"container mx-auto add-spacing\">\n\t\t<div class=\"flex flex-col sm:gap-10 p-4 sm:p-10\">\n\t\t\t<div class=\"flex max-w-[668px]\">\n\t\t\t\t<h2 class=\"wp-block-heading !mb-0\" style='color:#ffffff;'>ER DU VORES NYE KOLLEGA?<\/h2>\n\t\t\t<\/div>\n\t\t\t<div class=\"flex flex-col sm:flex-row items-start gap-10\">\n\t\t\t\t<div class=\"sm:basis-1\/2 flex flex-col justify-between\">\n\t\t\t\t\t<div class=\"wysiwyg\" style='color:#ffffff;'>\n\t\t\t\t\t\t<p><strong>Hvem er du?<\/strong><\/p>\n<p style=\"font-weight: 400;\">Vi forestiller os, at du:<\/p>\n<ul style=\"font-weight: 400;\">\n<li>Har erfaring med restaurant, bar, hotel, kulturhus, eventsted eller lignende<\/li>\n<li>Har ledelseserfaring fra Front of House, er hands-on og trives med at v\u00e6re t\u00e6t p\u00e5 driften<\/li>\n<li>Har erfaring med events, m\u00f8der eller selskaber<\/li>\n<li>Har kommerciel forst\u00e5else og blik for salg, mersalg og g\u00e6steoplevelser<\/li>\n<li>Kan skabe struktur, overblik og ro i en hverdag med mange aktiviteter<\/li>\n<li>Er god til at motivere, l\u00e6re fra dig og skabe tydelige rammer<\/li>\n<li>Samarbejder godt med k\u00f8kken, booking, ledelse og kolleger<\/li>\n<li>Er beslutningsdygtig, pragmatisk og l\u00f8sningsorienteret<\/li>\n<\/ul>\n<p><strong>Praktisk<\/strong><\/p>\n<p style=\"font-weight: 400;\">Stillingen er et barselsvikariat p\u00e5 fuld tid, dvs. 37 timer om ugen. Du refererer til direkt\u00f8ren og f\u00e5r personaleansvar for k\u00f8kken, restaurant- og baransvarlig samt Front of House-teamet. Stillingen indg\u00e5r aktivt i vagtplanen og vil inkludere aftener og weekender.<\/p>\n<p style=\"font-weight: 400;\">Tiltr\u00e6delse efter aftale og senest 1. juli 2026.<\/p>\n<p><strong>Ans\u00f8gning<\/strong><\/p>\n<p style=\"font-weight: 400;\">Send din ans\u00f8gning og CV via dette <a href=\"https:\/\/nordhus.reqruiting.com\/Pages\/Application\/ApplyProfile.aspx?id=27845\">link<\/a>. Vi l\u00e6ser kun ans\u00f8gninger, som er modtaget gennem linket.<\/p>\n<p style=\"font-weight: 400;\">Har du sp\u00f8rgsm\u00e5l til stillingen, kan du kontakte Felicia N\u00f8rgaard p\u00e5 <a href=\"mailto:feno@nordhus.dk\">feno@nordhus.dk<\/a>.<\/p>\n<p>Ans\u00f8gningsfrist: Vi holder samtaler l\u00f8bende og lukker for ans\u00f8gninger s\u00e5 snart den rette kandidat er fundet.<\/p>\n\t\t\t\t\t<\/div>\n\t\t\t\t\t\t\t\t\t\t\t<div class=\"cta flex gap-3 sm:gap-5 mt-8 sm:mt-10 items-start\" style=\"justify-content: start\">\n\t\t\t\t\t\t\t\t\t\t\t\t\t\t\t<a href=\"https:\/\/nordhus.reqruiting.com\/Pages\/Application\/ApplyProfile.aspx?id=27845\" target=\"_blank\" class=\"btn hover:!bg-highlight-green hover:!ring-highlight-green secondary text-center uppercase basis-1\/2 sm:basis-auto font-bold sm:font-normal\">ANS\u00d8G NU<\/a>\n\t\t\t\t\t\t\t\t\t\t\t\t\t<\/div>\n\t\t\t\t\t\t\t\t\t<\/div>\n\t\t\t\t<div class=\"sm:basis-1\/2 flex flex-col justify-between\">\n\t\t\t\t\t<div class=\"wysiwyg\" style='color:#ffffff;'>\n\t\t\t\t\t\t<p><strong>Os<\/strong><\/p>\n<p style=\"font-weight: 400;\">Vi tilbyder:<\/p>\n<ul style=\"font-weight: 400;\">\n<li>Et sp\u00e6ndende barselsvikariat i et hus med mange muligheder<\/li>\n<li>En central rolle med ansvar for drift, ledelse og kommerciel udvikling<\/li>\n<li>Mulighed for at pr\u00e6ge bar, events og g\u00e6steoplevelser i en vigtig periode<\/li>\n<li>En hverdag t\u00e6t p\u00e5 g\u00e6ster, medarbejdere og ledelse<\/li>\n<li>Et job hvor du kan kombinere v\u00e6rtskab, drift, salg, events og udvikling<\/li>\n<li>Et levende milj\u00f8 i Nordhavn med mange forskellige g\u00e6ster og aktiviteter<\/li>\n<\/ul>\n\t\t\t\t\t<\/div>\n\t\t\t\t\t\t\t\t\t<\/div>\n\t\t\t<\/div>\n\t\t<\/div>\n\t<\/div>\n<\/div>\n\n\n<!--  content-baseline content-center content-end -->\n<div class=\"two-column-text-media-section\" >\n\t<div class=\"container mx-auto\">\n\t\t<div class=\"flex flex-col sm:flex-row items-stretch gap-5 sm:gap-10 p-4 sm:p-10\">\n\t\t\t<div class=\"media-wrapper sm:basis-1\/2\">\n\t\t\t\t<h2 class=\"block sm:hidden wp-block-heading uppercase 1\" ><\/h2>\n\t\t\t\t\t\t\t\t\t\t\t\t\t\t\t\t\t\t\t\t\t\t\t\t\t\t\t<\/div>\n\t\t\t<div class=\"sm:basis-1\/2 grid content-between\">\n\t\t\t\t<h2 class=\"hidden sm:block wp-block-heading uppercase 1\" ><\/h2>\n\t\t\t\t<div class=\"text-content\">\n\t\t\t\t\t<div class=\"wysiwyg\" >\n\t\t\t\t\t\t\t\t\t\t\t<\/div>\n\t\t\t\t\t\t\t\t\t<\/div>\n\t\t\t<\/div>\n\t\t<\/div>\n\t<\/div>\n<\/div>","protected":false},"excerpt":{"rendered":"","protected":false},"author":7,"featured_media":0,"parent":0,"menu_order":0,"comment_status":"closed","ping_status":"closed","template":"","meta":{"_acf_changed":false,"footnotes":""},"class_list":["post-7747","page","type-page","status-publish","hentry"],"acf":[],"yoast_head":"<!-- This site is optimized with the Yoast SEO plugin v27.5 - https:\/\/yoast.com\/product\/yoast-seo-wordpress\/ -->\n<title>Kulturhusmedarbejder til bar og events - Nordhus<\/title>\n<meta name=\"robots\" content=\"index, follow, max-snippet:-1, max-image-preview:large, max-video-preview:-1\" \/>\n<link rel=\"canonical\" href=\"https:\/\/nordhus.dk\/barselsvikar-driftansvarlig\/\" \/>\n<meta property=\"og:locale\" content=\"en_US\" \/>\n<meta property=\"og:type\" content=\"article\" \/>\n<meta property=\"og:title\" content=\"Kulturhusmedarbejder til bar og events - Nordhus\" \/>\n<meta property=\"og:url\" content=\"https:\/\/nordhus.dk\/barselsvikar-driftansvarlig\/\" \/>\n<meta property=\"og:site_name\" content=\"Nordhus\" \/>\n<meta property=\"article:publisher\" content=\"https:\/\/www.facebook.com\/profile.php?id=100082961870934\" \/>\n<meta property=\"article:modified_time\" content=\"2026-04-30T10:27:27+00:00\" \/>\n<meta name=\"twitter:card\" content=\"summary_large_image\" \/>\n<script type=\"application\/ld+json\" class=\"yoast-schema-graph\">{\"@context\":\"https:\\\/\\\/schema.org\",\"@graph\":[{\"@type\":\"WebPage\",\"@id\":\"https:\\\/\\\/nordhus.dk\\\/barselsvikar-driftansvarlig\\\/\",\"url\":\"https:\\\/\\\/nordhus.dk\\\/barselsvikar-driftansvarlig\\\/\",\"name\":\"Kulturhusmedarbejder til bar og events - Nordhus\",\"isPartOf\":{\"@id\":\"https:\\\/\\\/nordhus.demo.supertusch.com\\\/#website\"},\"datePublished\":\"2026-04-30T10:12:18+00:00\",\"dateModified\":\"2026-04-30T10:27:27+00:00\",\"breadcrumb\":{\"@id\":\"https:\\\/\\\/nordhus.dk\\\/barselsvikar-driftansvarlig\\\/#breadcrumb\"},\"inLanguage\":\"en-US\",\"potentialAction\":[{\"@type\":\"ReadAction\",\"target\":[\"https:\\\/\\\/nordhus.dk\\\/barselsvikar-driftansvarlig\\\/\"]}]},{\"@type\":\"BreadcrumbList\",\"@id\":\"https:\\\/\\\/nordhus.dk\\\/barselsvikar-driftansvarlig\\\/#breadcrumb\",\"itemListElement\":[{\"@type\":\"ListItem\",\"position\":1,\"name\":\"Home\",\"item\":\"https:\\\/\\\/nordhus.dk\\\/en\\\/\"},{\"@type\":\"ListItem\",\"position\":2,\"name\":\"Kulturhusmedarbejder til bar og events\"}]},{\"@type\":\"WebSite\",\"@id\":\"https:\\\/\\\/nordhus.demo.supertusch.com\\\/#website\",\"url\":\"https:\\\/\\\/nordhus.demo.supertusch.com\\\/\",\"name\":\"Nordhus\",\"description\":\"\",\"publisher\":{\"@id\":\"https:\\\/\\\/nordhus.demo.supertusch.com\\\/#organization\"},\"potentialAction\":[{\"@type\":\"SearchAction\",\"target\":{\"@type\":\"EntryPoint\",\"urlTemplate\":\"https:\\\/\\\/nordhus.demo.supertusch.com\\\/?s={search_term_string}\"},\"query-input\":{\"@type\":\"PropertyValueSpecification\",\"valueRequired\":true,\"valueName\":\"search_term_string\"}}],\"inLanguage\":\"en-US\"},{\"@type\":\"Organization\",\"@id\":\"https:\\\/\\\/nordhus.demo.supertusch.com\\\/#organization\",\"name\":\"Nordhus\",\"url\":\"https:\\\/\\\/nordhus.demo.supertusch.com\\\/\",\"logo\":{\"@type\":\"ImageObject\",\"inLanguage\":\"en-US\",\"@id\":\"https:\\\/\\\/nordhus.demo.supertusch.com\\\/#\\\/schema\\\/logo\\\/image\\\/\",\"url\":\"https:\\\/\\\/nordhus.dk\\\/wp-content\\\/uploads\\\/2024\\\/08\\\/logo-dark.svg\",\"contentUrl\":\"https:\\\/\\\/nordhus.dk\\\/wp-content\\\/uploads\\\/2024\\\/08\\\/logo-dark.svg\",\"width\":1400,\"height\":314,\"caption\":\"Nordhus\"},\"image\":{\"@id\":\"https:\\\/\\\/nordhus.demo.supertusch.com\\\/#\\\/schema\\\/logo\\\/image\\\/\"},\"sameAs\":[\"https:\\\/\\\/www.facebook.com\\\/profile.php?id=100082961870934\",\"https:\\\/\\\/www.instagram.com\\\/nordhus_cph\\\/\",\"https:\\\/\\\/www.linkedin.com\\\/company\\\/nordhuscph\\\/\"]}]}<\/script>\n<!-- \/ Yoast SEO plugin. -->","yoast_head_json":{"title":"Kulturhusmedarbejder til bar og events - Nordhus","robots":{"index":"index","follow":"follow","max-snippet":"max-snippet:-1","max-image-preview":"max-image-preview:large","max-video-preview":"max-video-preview:-1"},"canonical":"https:\/\/nordhus.dk\/barselsvikar-driftansvarlig\/","og_locale":"en_US","og_type":"article","og_title":"Kulturhusmedarbejder til bar og events - Nordhus","og_url":"https:\/\/nordhus.dk\/barselsvikar-driftansvarlig\/","og_site_name":"Nordhus","article_publisher":"https:\/\/www.facebook.com\/profile.php?id=100082961870934","article_modified_time":"2026-04-30T10:27:27+00:00","twitter_card":"summary_large_image","schema":{"@context":"https:\/\/schema.org","@graph":[{"@type":"WebPage","@id":"https:\/\/nordhus.dk\/barselsvikar-driftansvarlig\/","url":"https:\/\/nordhus.dk\/barselsvikar-driftansvarlig\/","name":"Kulturhusmedarbejder til bar og events - Nordhus","isPartOf":{"@id":"https:\/\/nordhus.demo.supertusch.com\/#website"},"datePublished":"2026-04-30T10:12:18+00:00","dateModified":"2026-04-30T10:27:27+00:00","breadcrumb":{"@id":"https:\/\/nordhus.dk\/barselsvikar-driftansvarlig\/#breadcrumb"},"inLanguage":"en-US","potentialAction":[{"@type":"ReadAction","target":["https:\/\/nordhus.dk\/barselsvikar-driftansvarlig\/"]}]},{"@type":"BreadcrumbList","@id":"https:\/\/nordhus.dk\/barselsvikar-driftansvarlig\/#breadcrumb","itemListElement":[{"@type":"ListItem","position":1,"name":"Home","item":"https:\/\/nordhus.dk\/en\/"},{"@type":"ListItem","position":2,"name":"Kulturhusmedarbejder til bar og events"}]},{"@type":"WebSite","@id":"https:\/\/nordhus.demo.supertusch.com\/#website","url":"https:\/\/nordhus.demo.supertusch.com\/","name":"Nordhus","description":"","publisher":{"@id":"https:\/\/nordhus.demo.supertusch.com\/#organization"},"potentialAction":[{"@type":"SearchAction","target":{"@type":"EntryPoint","urlTemplate":"https:\/\/nordhus.demo.supertusch.com\/?s={search_term_string}"},"query-input":{"@type":"PropertyValueSpecification","valueRequired":true,"valueName":"search_term_string"}}],"inLanguage":"en-US"},{"@type":"Organization","@id":"https:\/\/nordhus.demo.supertusch.com\/#organization","name":"Nordhus","url":"https:\/\/nordhus.demo.supertusch.com\/","logo":{"@type":"ImageObject","inLanguage":"en-US","@id":"https:\/\/nordhus.demo.supertusch.com\/#\/schema\/logo\/image\/","url":"https:\/\/nordhus.dk\/wp-content\/uploads\/2024\/08\/logo-dark.svg","contentUrl":"https:\/\/nordhus.dk\/wp-content\/uploads\/2024\/08\/logo-dark.svg","width":1400,"height":314,"caption":"Nordhus"},"image":{"@id":"https:\/\/nordhus.demo.supertusch.com\/#\/schema\/logo\/image\/"},"sameAs":["https:\/\/www.facebook.com\/profile.php?id=100082961870934","https:\/\/www.instagram.com\/nordhus_cph\/","https:\/\/www.linkedin.com\/company\/nordhuscph\/"]}]}},"_links":{"self":[{"href":"https:\/\/nordhus.dk\/en\/wp-json\/wp\/v2\/pages\/7747","targetHints":{"allow":["GET"]}}],"collection":[{"href":"https:\/\/nordhus.dk\/en\/wp-json\/wp\/v2\/pages"}],"about":[{"href":"https:\/\/nordhus.dk\/en\/wp-json\/wp\/v2\/types\/page"}],"author":[{"embeddable":true,"href":"https:\/\/nordhus.dk\/en\/wp-json\/wp\/v2\/users\/7"}],"replies":[{"embeddable":true,"href":"https:\/\/nordhus.dk\/en\/wp-json\/wp\/v2\/comments?post=7747"}],"version-history":[{"count":5,"href":"https:\/\/nordhus.dk\/en\/wp-json\/wp\/v2\/pages\/7747\/revisions"}],"predecessor-version":[{"id":7756,"href":"https:\/\/nordhus.dk\/en\/wp-json\/wp\/v2\/pages\/7747\/revisions\/7756"}],"wp:attachment":[{"href":"https:\/\/nordhus.dk\/en\/wp-json\/wp\/v2\/media?parent=7747"}],"curies":[{"name":"wp","href":"https:\/\/api.w.org\/{rel}","templated":true}]}}