{"id":860,"date":"2024-08-22T12:57:56","date_gmt":"2024-08-22T12:57:56","guid":{"rendered":"https:\/\/nordhus.dk\/?page_id=860"},"modified":"2024-08-27T11:42:42","modified_gmt":"2024-08-27T11:42:42","slug":"nordhus-fonden","status":"publish","type":"page","link":"https:\/\/nordhus.dk\/en\/nordhus-fonden\/","title":{"rendered":"Nordhus Fonden"},"content":{"rendered":"<div class=\"full-text-section\" style='background-color:rgb(0,0,0);'>\n\t<div class=\"container mx-auto pt-5 pb-4 px-4 sm:p-10\">\n\t\t<div class=\"wysiwyg w-full sm:max-w-2xl\" style='color:#ffffff;'>\n\t\t\t<h2><strong>B\u00c6REDYGTIG UDVIKLING OG INKLUDERENDE F\u00c6LLESSKABER<\/strong><\/h2>\n<h4><span style=\"font-weight: 400;\">Nordhus Fonden er en almennyttig erhvervsdrivende fond, som har til form\u00e5l at st\u00f8tte og fremme initiativer, der direkte eller indirekte fokuserer p\u00e5 at hj\u00e6lpe unge mennesker til et godt afs\u00e6t ind i voksenlivet gennem l\u00e6ring, f\u00e6llesskab og oplevelser.\u00a0<\/span><\/h4>\n<h4><span style=\"font-weight: 400;\">Nordhus Fonden er skabt af \u00f8nsket om at g\u00f8re det muligt for fremtidige generationer at skabe en b\u00e6redygtig udvikling og inkluderende f\u00e6llesskaber.<\/span><\/h4>\n<h4><span style=\"font-weight: 400;\">Vi tror p\u00e5, at vi er st\u00e6rkere sammen. At det er muligt at skabe en b\u00e6redygtig udvikling, hvor vi lever i balance med planeten og med hinanden. At vi kan skabe en verden og et samfund, som giver nye generationer en tro p\u00e5 fremtiden. Vi tror p\u00e5 eksemplets kraft og med NORDHUS, vil vi gerne g\u00e5 foran og vise et eksempel p\u00e5 en ny og innovativ model for b\u00e6redygtig udvikling.<\/span><\/h4>\n<h4><span style=\"font-weight: 400;\">VEDT\u00c6GTER<\/span><\/h4>\n<h4><span style=\"font-weight: 400;\">REGNSKAB (link til pdf)<\/span><\/h4>\n<h4><span style=\"font-weight: 400;\">GOD FONDSLEDELSE<\/span><\/h4>\n\t\t<\/div>\n\t\t\t<\/div>\n<\/div>\n","protected":false},"excerpt":{"rendered":"","protected":false},"author":4,"featured_media":0,"parent":0,"menu_order":0,"comment_status":"closed","ping_status":"closed","template":"","meta":{"_acf_changed":false,"footnotes":""},"class_list":["post-860","page","type-page","status-publish","hentry"],"acf":[],"yoast_head":"<!-- This site is optimized with the Yoast SEO plugin v26.9 - https:\/\/yoast.com\/product\/yoast-seo-wordpress\/ -->\n<title>Nordhus Fonden - Nordhus<\/title>\n<meta name=\"robots\" content=\"index, follow, max-snippet:-1, max-image-preview:large, max-video-preview:-1\" \/>\n<link rel=\"canonical\" href=\"https:\/\/nordhus.demo.supertusch.com\/nordhus-fonden\/\" \/>\n<meta property=\"og:locale\" content=\"en_US\" \/>\n<meta property=\"og:type\" content=\"article\" \/>\n<meta property=\"og:title\" content=\"Nordhus Fonden - Nordhus\" \/>\n<meta property=\"og:url\" content=\"https:\/\/nordhus.demo.supertusch.com\/nordhus-fonden\/\" \/>\n<meta property=\"og:site_name\" content=\"Nordhus\" \/>\n<meta property=\"article:publisher\" content=\"https:\/\/www.facebook.com\/profile.php?id=100082961870934\" \/>\n<meta property=\"article:modified_time\" content=\"2024-08-27T11:42:42+00:00\" \/>\n<meta name=\"twitter:card\" content=\"summary_large_image\" \/>\n<script type=\"application\/ld+json\" class=\"yoast-schema-graph\">{\"@context\":\"https:\/\/schema.org\",\"@graph\":[{\"@type\":\"WebPage\",\"@id\":\"https:\/\/nordhus.demo.supertusch.com\/nordhus-fonden\/\",\"url\":\"https:\/\/nordhus.demo.supertusch.com\/nordhus-fonden\/\",\"name\":\"Nordhus Fonden - Nordhus\",\"isPartOf\":{\"@id\":\"https:\/\/nordhus.demo.supertusch.com\/#website\"},\"datePublished\":\"2024-08-22T12:57:56+00:00\",\"dateModified\":\"2024-08-27T11:42:42+00:00\",\"breadcrumb\":{\"@id\":\"https:\/\/nordhus.demo.supertusch.com\/nordhus-fonden\/#breadcrumb\"},\"inLanguage\":\"en-US\",\"potentialAction\":[{\"@type\":\"ReadAction\",\"target\":[\"https:\/\/nordhus.demo.supertusch.com\/nordhus-fonden\/\"]}]},{\"@type\":\"BreadcrumbList\",\"@id\":\"https:\/\/nordhus.demo.supertusch.com\/nordhus-fonden\/#breadcrumb\",\"itemListElement\":[{\"@type\":\"ListItem\",\"position\":1,\"name\":\"Home\",\"item\":\"https:\/\/nordhus.dk\/en\/\"},{\"@type\":\"ListItem\",\"position\":2,\"name\":\"Nordhus Fonden\"}]},{\"@type\":\"WebSite\",\"@id\":\"https:\/\/nordhus.demo.supertusch.com\/#website\",\"url\":\"https:\/\/nordhus.demo.supertusch.com\/\",\"name\":\"Nordhus\",\"description\":\"\",\"publisher\":{\"@id\":\"https:\/\/nordhus.demo.supertusch.com\/#organization\"},\"potentialAction\":[{\"@type\":\"SearchAction\",\"target\":{\"@type\":\"EntryPoint\",\"urlTemplate\":\"https:\/\/nordhus.demo.supertusch.com\/?s={search_term_string}\"},\"query-input\":{\"@type\":\"PropertyValueSpecification\",\"valueRequired\":true,\"valueName\":\"search_term_string\"}}],\"inLanguage\":\"en-US\"},{\"@type\":\"Organization\",\"@id\":\"https:\/\/nordhus.demo.supertusch.com\/#organization\",\"name\":\"Nordhus\",\"url\":\"https:\/\/nordhus.demo.supertusch.com\/\",\"logo\":{\"@type\":\"ImageObject\",\"inLanguage\":\"en-US\",\"@id\":\"https:\/\/nordhus.demo.supertusch.com\/#\/schema\/logo\/image\/\",\"url\":\"https:\/\/nordhus.dk\/wp-content\/uploads\/2024\/08\/logo-dark.svg\",\"contentUrl\":\"https:\/\/nordhus.dk\/wp-content\/uploads\/2024\/08\/logo-dark.svg\",\"width\":1400,\"height\":314,\"caption\":\"Nordhus\"},\"image\":{\"@id\":\"https:\/\/nordhus.demo.supertusch.com\/#\/schema\/logo\/image\/\"},\"sameAs\":[\"https:\/\/www.facebook.com\/profile.php?id=100082961870934\",\"https:\/\/www.instagram.com\/nordhus_cph\/\",\"https:\/\/www.linkedin.com\/company\/nordhuscph\/\"]}]}<\/script>\n<!-- \/ Yoast SEO plugin. -->","yoast_head_json":{"title":"Nordhus Fonden - Nordhus","robots":{"index":"index","follow":"follow","max-snippet":"max-snippet:-1","max-image-preview":"max-image-preview:large","max-video-preview":"max-video-preview:-1"},"canonical":"https:\/\/nordhus.demo.supertusch.com\/nordhus-fonden\/","og_locale":"en_US","og_type":"article","og_title":"Nordhus Fonden - Nordhus","og_url":"https:\/\/nordhus.demo.supertusch.com\/nordhus-fonden\/","og_site_name":"Nordhus","article_publisher":"https:\/\/www.facebook.com\/profile.php?id=100082961870934","article_modified_time":"2024-08-27T11:42:42+00:00","twitter_card":"summary_large_image","schema":{"@context":"https:\/\/schema.org","@graph":[{"@type":"WebPage","@id":"https:\/\/nordhus.demo.supertusch.com\/nordhus-fonden\/","url":"https:\/\/nordhus.demo.supertusch.com\/nordhus-fonden\/","name":"Nordhus Fonden - Nordhus","isPartOf":{"@id":"https:\/\/nordhus.demo.supertusch.com\/#website"},"datePublished":"2024-08-22T12:57:56+00:00","dateModified":"2024-08-27T11:42:42+00:00","breadcrumb":{"@id":"https:\/\/nordhus.demo.supertusch.com\/nordhus-fonden\/#breadcrumb"},"inLanguage":"en-US","potentialAction":[{"@type":"ReadAction","target":["https:\/\/nordhus.demo.supertusch.com\/nordhus-fonden\/"]}]},{"@type":"BreadcrumbList","@id":"https:\/\/nordhus.demo.supertusch.com\/nordhus-fonden\/#breadcrumb","itemListElement":[{"@type":"ListItem","position":1,"name":"Home","item":"https:\/\/nordhus.dk\/en\/"},{"@type":"ListItem","position":2,"name":"Nordhus Fonden"}]},{"@type":"WebSite","@id":"https:\/\/nordhus.demo.supertusch.com\/#website","url":"https:\/\/nordhus.demo.supertusch.com\/","name":"Nordhus","description":"","publisher":{"@id":"https:\/\/nordhus.demo.supertusch.com\/#organization"},"potentialAction":[{"@type":"SearchAction","target":{"@type":"EntryPoint","urlTemplate":"https:\/\/nordhus.demo.supertusch.com\/?s={search_term_string}"},"query-input":{"@type":"PropertyValueSpecification","valueRequired":true,"valueName":"search_term_string"}}],"inLanguage":"en-US"},{"@type":"Organization","@id":"https:\/\/nordhus.demo.supertusch.com\/#organization","name":"Nordhus","url":"https:\/\/nordhus.demo.supertusch.com\/","logo":{"@type":"ImageObject","inLanguage":"en-US","@id":"https:\/\/nordhus.demo.supertusch.com\/#\/schema\/logo\/image\/","url":"https:\/\/nordhus.dk\/wp-content\/uploads\/2024\/08\/logo-dark.svg","contentUrl":"https:\/\/nordhus.dk\/wp-content\/uploads\/2024\/08\/logo-dark.svg","width":1400,"height":314,"caption":"Nordhus"},"image":{"@id":"https:\/\/nordhus.demo.supertusch.com\/#\/schema\/logo\/image\/"},"sameAs":["https:\/\/www.facebook.com\/profile.php?id=100082961870934","https:\/\/www.instagram.com\/nordhus_cph\/","https:\/\/www.linkedin.com\/company\/nordhuscph\/"]}]}},"_links":{"self":[{"href":"https:\/\/nordhus.dk\/en\/wp-json\/wp\/v2\/pages\/860","targetHints":{"allow":["GET"]}}],"collection":[{"href":"https:\/\/nordhus.dk\/en\/wp-json\/wp\/v2\/pages"}],"about":[{"href":"https:\/\/nordhus.dk\/en\/wp-json\/wp\/v2\/types\/page"}],"author":[{"embeddable":true,"href":"https:\/\/nordhus.dk\/en\/wp-json\/wp\/v2\/users\/4"}],"replies":[{"embeddable":true,"href":"https:\/\/nordhus.dk\/en\/wp-json\/wp\/v2\/comments?post=860"}],"version-history":[{"count":10,"href":"https:\/\/nordhus.dk\/en\/wp-json\/wp\/v2\/pages\/860\/revisions"}],"predecessor-version":[{"id":1156,"href":"https:\/\/nordhus.dk\/en\/wp-json\/wp\/v2\/pages\/860\/revisions\/1156"}],"wp:attachment":[{"href":"https:\/\/nordhus.dk\/en\/wp-json\/wp\/v2\/media?parent=860"}],"curies":[{"name":"wp","href":"https:\/\/api.w.org\/{rel}","templated":true}]}}